{"id":19,"date":"2023-08-23T16:01:56","date_gmt":"2023-08-23T19:01:56","guid":{"rendered":"https:\/\/beekits.com.br\/cte\/?page_id=19"},"modified":"2023-08-25T18:51:13","modified_gmt":"2023-08-25T21:51:13","slug":"assistencia-tecnica-especializada-na-baixada-santista","status":"publish","type":"page","link":"https:\/\/beekits.com.br\/cte\/","title":{"rendered":"Assist\u00eancia T\u00e9cnica Especializada"},"content":{"rendered":"\t\t<div data-elementor-type=\"wp-page\" data-elementor-id=\"19\" class=\"elementor elementor-19\" data-elementor-post-type=\"page\">\n\t\t\t\t\t\t\t\t\t<section class=\"elementor-section elementor-top-section elementor-element elementor-element-31c818c5 elementor-section-height-full elementor-section-boxed elementor-section-height-default elementor-section-items-middle\" data-id=\"31c818c5\" data-element_type=\"section\" data-settings=\"{&quot;background_background&quot;:&quot;classic&quot;}\">\n\t\t\t\t\t\t\t<div class=\"elementor-background-overlay\"><\/div>\n\t\t\t\t\t\t\t<div class=\"elementor-container elementor-column-gap-no\">\n\t\t\t\t\t<div class=\"elementor-column elementor-col-100 elementor-top-column elementor-element elementor-element-26d96f1c\" data-id=\"26d96f1c\" data-element_type=\"column\">\n\t\t\t<div class=\"elementor-widget-wrap elementor-element-populated\">\n\t\t\t\t\t\t\t\t<div class=\"elementor-element elementor-element-e7f5ebf elementor-widget elementor-widget-theme-site-logo elementor-widget-image\" data-id=\"e7f5ebf\" data-element_type=\"widget\" data-widget_type=\"theme-site-logo.default\">\n\t\t\t\t<div class=\"elementor-widget-container\">\n\t\t\t<style>\/*! elementor - v3.15.0 - 20-08-2023 *\/\n.elementor-widget-image{text-align:center}.elementor-widget-image a{display:inline-block}.elementor-widget-image a img[src$=\".svg\"]{width:48px}.elementor-widget-image img{vertical-align:middle;display:inline-block}<\/style>\t\t\t\t\t\t\t\t<a href=\"https:\/\/beekits.com.br\/cte\">\n\t\t\t<img loading=\"lazy\" decoding=\"async\" width=\"500\" height=\"500\" src=\"https:\/\/beekits.com.br\/cte\/wp-content\/uploads\/2023\/08\/cropped-Logotipo-CTE-branco.png\" class=\"attachment-full size-full wp-image-124\" alt=\"\" srcset=\"https:\/\/beekits.com.br\/cte\/wp-content\/uploads\/2023\/08\/cropped-Logotipo-CTE-branco.png 500w, https:\/\/beekits.com.br\/cte\/wp-content\/uploads\/2023\/08\/cropped-Logotipo-CTE-branco-300x300.png 300w, https:\/\/beekits.com.br\/cte\/wp-content\/uploads\/2023\/08\/cropped-Logotipo-CTE-branco-150x150.png 150w\" sizes=\"auto, (max-width: 500px) 100vw, 500px\" \/>\t\t\t\t<\/a>\n\t\t\t\t\t\t\t\t\t\t\t<\/div>\n\t\t\t\t<\/div>\n\t\t\t\t<section class=\"elementor-section elementor-inner-section elementor-element elementor-element-776d70e2 elementor-section-boxed elementor-section-height-default elementor-section-height-default\" data-id=\"776d70e2\" data-element_type=\"section\">\n\t\t\t\t\t\t<div class=\"elementor-container elementor-column-gap-default\">\n\t\t\t\t\t<div class=\"elementor-column elementor-col-100 elementor-inner-column elementor-element elementor-element-75b5cfe0\" data-id=\"75b5cfe0\" data-element_type=\"column\">\n\t\t\t<div class=\"elementor-widget-wrap elementor-element-populated\">\n\t\t\t\t\t\t\t\t<div class=\"elementor-element elementor-element-755714c4 elementor-align-justify elementor-mobile-align-justify elementor-widget elementor-widget-button\" data-id=\"755714c4\" data-element_type=\"widget\" data-widget_type=\"button.default\">\n\t\t\t\t<div class=\"elementor-widget-container\">\n\t\t\t\t\t<div class=\"elementor-button-wrapper\">\n\t\t\t<a class=\"elementor-button elementor-button-link elementor-size-sm elementor-animation-skew\" href=\"https:\/\/beekits.com.br\/cte\/assistencia-tecnica-em-sao-vicente\/\">\n\t\t\t\t\t\t<span class=\"elementor-button-content-wrapper\">\n\t\t\t\t\t\t<span class=\"elementor-button-text\">Unidade S\u00e3o Vicente - SP<\/span>\n\t\t<\/span>\n\t\t\t\t\t<\/a>\n\t\t<\/div>\n\t\t\t\t<\/div>\n\t\t\t\t<\/div>\n\t\t\t\t<div class=\"elementor-element elementor-element-da7395a elementor-align-justify elementor-mobile-align-justify elementor-widget elementor-widget-button\" data-id=\"da7395a\" data-element_type=\"widget\" data-widget_type=\"button.default\">\n\t\t\t\t<div class=\"elementor-widget-container\">\n\t\t\t\t\t<div class=\"elementor-button-wrapper\">\n\t\t\t<a class=\"elementor-button elementor-button-link elementor-size-sm elementor-animation-skew\" href=\"https:\/\/beekits.com.br\/cte\/assistencia-tecnica-em-praia-grande\/\">\n\t\t\t\t\t\t<span class=\"elementor-button-content-wrapper\">\n\t\t\t\t\t\t<span class=\"elementor-button-text\">Unidade Praia Grande - SP<\/span>\n\t\t<\/span>\n\t\t\t\t\t<\/a>\n\t\t<\/div>\n\t\t\t\t<\/div>\n\t\t\t\t<\/div>\n\t\t\t\t\t<\/div>\n\t\t<\/div>\n\t\t\t\t\t\t\t<\/div>\n\t\t<\/section>\n\t\t\t\t\t<\/div>\n\t\t<\/div>\n\t\t\t\t\t\t\t<\/div>\n\t\t<\/section>\n\t\t\t\t\t\t\t<\/div>\n\t\t","protected":false},"excerpt":{"rendered":"<p>Unidade S\u00e3o Vicente &#8211; SP Unidade Praia Grande &#8211; SP<\/p>\n","protected":false},"author":1,"featured_media":0,"parent":0,"menu_order":0,"comment_status":"closed","ping_status":"closed","template":"elementor_canvas","meta":{"footnotes":""},"class_list":["post-19","page","type-page","status-publish","hentry"],"yoast_head":"<!-- This site is optimized with the Yoast SEO plugin v21.0 - https:\/\/yoast.com\/wordpress\/plugins\/seo\/ -->\n<title>Assist\u00eancia T\u00e9cnica Especializada - CTE Eletr\u00f4nica<\/title>\n<meta name=\"robots\" content=\"index, follow, max-snippet:-1, max-image-preview:large, max-video-preview:-1\" \/>\n<link rel=\"canonical\" href=\"https:\/\/beekits.com.br\/cte\/\" \/>\n<meta property=\"og:locale\" content=\"pt_BR\" \/>\n<meta property=\"og:type\" content=\"article\" \/>\n<meta property=\"og:title\" content=\"Assist\u00eancia T\u00e9cnica Especializada - CTE Eletr\u00f4nica\" \/>\n<meta property=\"og:description\" content=\"Unidade S\u00e3o Vicente &#8211; SP Unidade Praia Grande &#8211; SP\" \/>\n<meta property=\"og:url\" content=\"https:\/\/beekits.com.br\/cte\/\" \/>\n<meta property=\"og:site_name\" content=\"CTE Eletr\u00f4nica\" \/>\n<meta property=\"article:modified_time\" content=\"2023-08-25T21:51:13+00:00\" \/>\n<meta name=\"twitter:card\" content=\"summary_large_image\" \/>\n<script type=\"application\/ld+json\" class=\"yoast-schema-graph\">{\"@context\":\"https:\/\/schema.org\",\"@graph\":[{\"@type\":\"WebPage\",\"@id\":\"https:\/\/beekits.com.br\/cte\/\",\"url\":\"https:\/\/beekits.com.br\/cte\/\",\"name\":\"Assist\u00eancia T\u00e9cnica Especializada - CTE Eletr\u00f4nica\",\"isPartOf\":{\"@id\":\"https:\/\/beekits.com.br\/cte\/#website\"},\"datePublished\":\"2023-08-23T19:01:56+00:00\",\"dateModified\":\"2023-08-25T21:51:13+00:00\",\"breadcrumb\":{\"@id\":\"https:\/\/beekits.com.br\/cte\/#breadcrumb\"},\"inLanguage\":\"pt-BR\",\"potentialAction\":[{\"@type\":\"ReadAction\",\"target\":[\"https:\/\/beekits.com.br\/cte\/\"]}]},{\"@type\":\"BreadcrumbList\",\"@id\":\"https:\/\/beekits.com.br\/cte\/#breadcrumb\",\"itemListElement\":[{\"@type\":\"ListItem\",\"position\":1,\"name\":\"In\u00edcio\",\"item\":\"https:\/\/beekits.com.br\/cte\/\"},{\"@type\":\"ListItem\",\"position\":2,\"name\":\"Assist\u00eancia T\u00e9cnica Especializada\"}]},{\"@type\":\"WebSite\",\"@id\":\"https:\/\/beekits.com.br\/cte\/#website\",\"url\":\"https:\/\/beekits.com.br\/cte\/\",\"name\":\"CTE Eletr\u00f4nica\",\"description\":\"Assist\u00eancia T\u00e9cnica Especializada\",\"publisher\":{\"@id\":\"https:\/\/beekits.com.br\/cte\/#organization\"},\"potentialAction\":[{\"@type\":\"SearchAction\",\"target\":{\"@type\":\"EntryPoint\",\"urlTemplate\":\"https:\/\/beekits.com.br\/cte\/?s={search_term_string}\"},\"query-input\":\"required name=search_term_string\"}],\"inLanguage\":\"pt-BR\"},{\"@type\":\"Organization\",\"@id\":\"https:\/\/beekits.com.br\/cte\/#organization\",\"name\":\"CTE Eletr\u00f4nica\",\"url\":\"https:\/\/beekits.com.br\/cte\/\",\"logo\":{\"@type\":\"ImageObject\",\"inLanguage\":\"pt-BR\",\"@id\":\"https:\/\/beekits.com.br\/cte\/#\/schema\/logo\/image\/\",\"url\":\"https:\/\/beekits.com.br\/cte\/wp-content\/uploads\/2023\/08\/cropped-Logotipo-CTE-branco.png\",\"contentUrl\":\"https:\/\/beekits.com.br\/cte\/wp-content\/uploads\/2023\/08\/cropped-Logotipo-CTE-branco.png\",\"width\":500,\"height\":500,\"caption\":\"CTE Eletr\u00f4nica\"},\"image\":{\"@id\":\"https:\/\/beekits.com.br\/cte\/#\/schema\/logo\/image\/\"}}]}<\/script>\n<!-- \/ Yoast SEO plugin. -->","yoast_head_json":{"title":"Assist\u00eancia T\u00e9cnica Especializada - CTE Eletr\u00f4nica","robots":{"index":"index","follow":"follow","max-snippet":"max-snippet:-1","max-image-preview":"max-image-preview:large","max-video-preview":"max-video-preview:-1"},"canonical":"https:\/\/beekits.com.br\/cte\/","og_locale":"pt_BR","og_type":"article","og_title":"Assist\u00eancia T\u00e9cnica Especializada - CTE Eletr\u00f4nica","og_description":"Unidade S\u00e3o Vicente &#8211; SP Unidade Praia Grande &#8211; SP","og_url":"https:\/\/beekits.com.br\/cte\/","og_site_name":"CTE Eletr\u00f4nica","article_modified_time":"2023-08-25T21:51:13+00:00","twitter_card":"summary_large_image","schema":{"@context":"https:\/\/schema.org","@graph":[{"@type":"WebPage","@id":"https:\/\/beekits.com.br\/cte\/","url":"https:\/\/beekits.com.br\/cte\/","name":"Assist\u00eancia T\u00e9cnica Especializada - CTE Eletr\u00f4nica","isPartOf":{"@id":"https:\/\/beekits.com.br\/cte\/#website"},"datePublished":"2023-08-23T19:01:56+00:00","dateModified":"2023-08-25T21:51:13+00:00","breadcrumb":{"@id":"https:\/\/beekits.com.br\/cte\/#breadcrumb"},"inLanguage":"pt-BR","potentialAction":[{"@type":"ReadAction","target":["https:\/\/beekits.com.br\/cte\/"]}]},{"@type":"BreadcrumbList","@id":"https:\/\/beekits.com.br\/cte\/#breadcrumb","itemListElement":[{"@type":"ListItem","position":1,"name":"In\u00edcio","item":"https:\/\/beekits.com.br\/cte\/"},{"@type":"ListItem","position":2,"name":"Assist\u00eancia T\u00e9cnica Especializada"}]},{"@type":"WebSite","@id":"https:\/\/beekits.com.br\/cte\/#website","url":"https:\/\/beekits.com.br\/cte\/","name":"CTE Eletr\u00f4nica","description":"Assist\u00eancia T\u00e9cnica Especializada","publisher":{"@id":"https:\/\/beekits.com.br\/cte\/#organization"},"potentialAction":[{"@type":"SearchAction","target":{"@type":"EntryPoint","urlTemplate":"https:\/\/beekits.com.br\/cte\/?s={search_term_string}"},"query-input":"required name=search_term_string"}],"inLanguage":"pt-BR"},{"@type":"Organization","@id":"https:\/\/beekits.com.br\/cte\/#organization","name":"CTE Eletr\u00f4nica","url":"https:\/\/beekits.com.br\/cte\/","logo":{"@type":"ImageObject","inLanguage":"pt-BR","@id":"https:\/\/beekits.com.br\/cte\/#\/schema\/logo\/image\/","url":"https:\/\/beekits.com.br\/cte\/wp-content\/uploads\/2023\/08\/cropped-Logotipo-CTE-branco.png","contentUrl":"https:\/\/beekits.com.br\/cte\/wp-content\/uploads\/2023\/08\/cropped-Logotipo-CTE-branco.png","width":500,"height":500,"caption":"CTE Eletr\u00f4nica"},"image":{"@id":"https:\/\/beekits.com.br\/cte\/#\/schema\/logo\/image\/"}}]}},"_links":{"self":[{"href":"https:\/\/beekits.com.br\/cte\/wp-json\/wp\/v2\/pages\/19","targetHints":{"allow":["GET"]}}],"collection":[{"href":"https:\/\/beekits.com.br\/cte\/wp-json\/wp\/v2\/pages"}],"about":[{"href":"https:\/\/beekits.com.br\/cte\/wp-json\/wp\/v2\/types\/page"}],"author":[{"embeddable":true,"href":"https:\/\/beekits.com.br\/cte\/wp-json\/wp\/v2\/users\/1"}],"replies":[{"embeddable":true,"href":"https:\/\/beekits.com.br\/cte\/wp-json\/wp\/v2\/comments?post=19"}],"version-history":[{"count":29,"href":"https:\/\/beekits.com.br\/cte\/wp-json\/wp\/v2\/pages\/19\/revisions"}],"predecessor-version":[{"id":268,"href":"https:\/\/beekits.com.br\/cte\/wp-json\/wp\/v2\/pages\/19\/revisions\/268"}],"wp:attachment":[{"href":"https:\/\/beekits.com.br\/cte\/wp-json\/wp\/v2\/media?parent=19"}],"curies":[{"name":"wp","href":"https:\/\/api.w.org\/{rel}","templated":true}]}}