{"id":23,"date":"2021-06-07T12:29:34","date_gmt":"2021-06-07T15:29:34","guid":{"rendered":"http:\/\/atualdespachos.com.br\/?page_id=23"},"modified":"2023-10-20T15:48:17","modified_gmt":"2023-10-20T18:48:17","slug":"noticias","status":"publish","type":"page","link":"https:\/\/beekits.com.br\/atual\/noticias\/","title":{"rendered":"Not\u00edcias"},"content":{"rendered":"\t\t<div data-elementor-type=\"wp-page\" data-elementor-id=\"23\" class=\"elementor elementor-23\" data-elementor-post-type=\"page\">\n\t\t\t\t\t\t\t\t\t<section class=\"elementor-section elementor-top-section elementor-element elementor-element-1b0d94b elementor-section-boxed elementor-section-height-default elementor-section-height-default wpr-particle-no wpr-jarallax-no wpr-parallax-no wpr-sticky-section-no\" data-id=\"1b0d94b\" data-element_type=\"section\" data-settings=\"{&quot;background_background&quot;:&quot;classic&quot;}\">\n\t\t\t\t\t\t\t<div class=\"elementor-background-overlay\"><\/div>\n\t\t\t\t\t\t\t<div class=\"elementor-container elementor-column-gap-default\">\n\t\t\t\t\t<div class=\"elementor-column elementor-col-50 elementor-top-column elementor-element elementor-element-d5e79fe\" data-id=\"d5e79fe\" data-element_type=\"column\">\n\t\t\t<div class=\"elementor-widget-wrap elementor-element-populated\">\n\t\t\t\t\t\t\t\t<div class=\"elementor-element elementor-element-26574fd elementor-widget elementor-widget-heading\" data-id=\"26574fd\" data-element_type=\"widget\" data-widget_type=\"heading.default\">\n\t\t\t\t<div class=\"elementor-widget-container\">\n\t\t\t<h1 class=\"elementor-heading-title elementor-size-default\">Not\u00edcias<\/h1>\t\t<\/div>\n\t\t\t\t<\/div>\n\t\t\t\t<div class=\"elementor-element elementor-element-cde0ee7 elementor-widget elementor-widget-text-editor\" data-id=\"cde0ee7\" data-element_type=\"widget\" data-widget_type=\"text-editor.default\">\n\t\t\t\t<div class=\"elementor-widget-container\">\n\t\t\t\t\t\t\t<p>Confira os nossos artigos informativos e as \u00faltimas not\u00edcias do mercado.<\/p>\t\t\t\t\t\t<\/div>\n\t\t\t\t<\/div>\n\t\t\t\t\t<\/div>\n\t\t<\/div>\n\t\t\t\t<div class=\"elementor-column elementor-col-50 elementor-top-column elementor-element elementor-element-a9d0fc8\" data-id=\"a9d0fc8\" data-element_type=\"column\">\n\t\t\t<div class=\"elementor-widget-wrap\">\n\t\t\t\t\t\t\t\t\t<\/div>\n\t\t<\/div>\n\t\t\t\t\t\t\t<\/div>\n\t\t<\/section>\n\t\t\t\t<section class=\"elementor-section elementor-top-section elementor-element elementor-element-43353f8 elementor-section-full_width elementor-section-height-default elementor-section-height-default wpr-particle-no wpr-jarallax-no wpr-parallax-no wpr-sticky-section-no\" data-id=\"43353f8\" data-element_type=\"section\">\n\t\t\t\t\t\t<div class=\"elementor-container elementor-column-gap-custom\">\n\t\t\t\t\t<div class=\"elementor-column elementor-col-100 elementor-top-column elementor-element elementor-element-17807d6\" data-id=\"17807d6\" data-element_type=\"column\">\n\t\t\t<div class=\"elementor-widget-wrap elementor-element-populated\">\n\t\t\t\t\t\t\t\t<div class=\"elementor-element elementor-element-4ff46c3 elementor-widget__width-initial elementor-widget elementor-widget-image\" data-id=\"4ff46c3\" data-element_type=\"widget\" data-widget_type=\"image.default\">\n\t\t\t\t<div class=\"elementor-widget-container\">\n\t\t\t\t\t\t\t\t\t\t\t\t\t\t\t<img decoding=\"async\" loading=\"lazy\" width=\"1920\" height=\"260\" src=\"https:\/\/beekits.com.br\/atual\/wp-content\/uploads\/2021\/06\/bg-onda-quem-somos-atual-assessoria.png\" class=\"attachment-full size-full wp-image-193\" alt=\"\" srcset=\"https:\/\/beekits.com.br\/atual\/wp-content\/uploads\/2021\/06\/bg-onda-quem-somos-atual-assessoria.png 1920w, https:\/\/beekits.com.br\/atual\/wp-content\/uploads\/2021\/06\/bg-onda-quem-somos-atual-assessoria-300x41.png 300w, https:\/\/beekits.com.br\/atual\/wp-content\/uploads\/2021\/06\/bg-onda-quem-somos-atual-assessoria-1024x139.png 1024w, https:\/\/beekits.com.br\/atual\/wp-content\/uploads\/2021\/06\/bg-onda-quem-somos-atual-assessoria-768x104.png 768w, https:\/\/beekits.com.br\/atual\/wp-content\/uploads\/2021\/06\/bg-onda-quem-somos-atual-assessoria-1536x208.png 1536w\" sizes=\"(max-width: 1920px) 100vw, 1920px\" \/>\t\t\t\t\t\t\t\t\t\t\t\t\t\t\t<\/div>\n\t\t\t\t<\/div>\n\t\t\t\t\t<\/div>\n\t\t<\/div>\n\t\t\t\t\t\t\t<\/div>\n\t\t<\/section>\n\t\t\t\t<section class=\"elementor-section elementor-top-section elementor-element elementor-element-79c76bf elementor-section-boxed elementor-section-height-default elementor-section-height-default wpr-particle-no wpr-jarallax-no wpr-parallax-no wpr-sticky-section-no\" data-id=\"79c76bf\" data-element_type=\"section\" data-settings=\"{&quot;background_background&quot;:&quot;classic&quot;}\">\n\t\t\t\t\t\t<div class=\"elementor-container elementor-column-gap-default\">\n\t\t\t\t\t<div class=\"elementor-column elementor-col-100 elementor-top-column elementor-element elementor-element-58089e7\" data-id=\"58089e7\" data-element_type=\"column\">\n\t\t\t<div class=\"elementor-widget-wrap elementor-element-populated\">\n\t\t\t\t\t\t\t\t<section class=\"elementor-section elementor-inner-section elementor-element elementor-element-53d8cbb elementor-section-boxed elementor-section-height-default elementor-section-height-default wpr-particle-no wpr-jarallax-no wpr-parallax-no wpr-sticky-section-no\" data-id=\"53d8cbb\" data-element_type=\"section\">\n\t\t\t\t\t\t<div class=\"elementor-container elementor-column-gap-default\">\n\t\t\t\t\t<div class=\"elementor-column elementor-col-100 elementor-inner-column elementor-element elementor-element-8788655\" data-id=\"8788655\" data-element_type=\"column\">\n\t\t\t<div class=\"elementor-widget-wrap elementor-element-populated\">\n\t\t\t\t\t\t\t\t<div class=\"elementor-element elementor-element-ea7697d elementor-widget__width-auto elementor-widget-mobile__width-inherit elementor-grid-2 elementor-grid-tablet-2 elementor-grid-mobile-1 elementor-posts--thumbnail-top elementor-card-shadow-yes elementor-posts__hover-gradient elementor-widget elementor-widget-posts\" data-id=\"ea7697d\" data-element_type=\"widget\" data-settings=\"{&quot;cards_columns&quot;:&quot;2&quot;,&quot;cards_columns_tablet&quot;:&quot;2&quot;,&quot;cards_columns_mobile&quot;:&quot;1&quot;,&quot;cards_row_gap&quot;:{&quot;unit&quot;:&quot;px&quot;,&quot;size&quot;:35,&quot;sizes&quot;:[]},&quot;cards_row_gap_tablet&quot;:{&quot;unit&quot;:&quot;px&quot;,&quot;size&quot;:&quot;&quot;,&quot;sizes&quot;:[]},&quot;cards_row_gap_mobile&quot;:{&quot;unit&quot;:&quot;px&quot;,&quot;size&quot;:&quot;&quot;,&quot;sizes&quot;:[]}}\" data-widget_type=\"posts.cards\">\n\t\t\t\t<div class=\"elementor-widget-container\">\n\t\t\t\t\t<div class=\"elementor-posts-container elementor-posts elementor-posts--skin-cards elementor-grid\">\n\t\t\t\t<article class=\"elementor-post elementor-grid-item post-604 post type-post status-publish format-standard has-post-thumbnail hentry category-noticias\">\n\t\t\t<div class=\"elementor-post__card\">\n\t\t\t\t<a class=\"elementor-post__thumbnail__link\" href=\"https:\/\/beekits.com.br\/atual\/empresa-investe-r-40-milhoes-na-compra-da-maior-frota-de-caminhoes-a-gas-do-brasil\/\" ><div class=\"elementor-post__thumbnail\"><img loading=\"lazy\" width=\"300\" height=\"188\" src=\"https:\/\/beekits.com.br\/atual\/wp-content\/uploads\/2021\/06\/Empresa-investe-R-40-milhoes-na-compra-da-maior-frota-de-caminhoes-a-gas-do-Brasil-300x188.jpg\" class=\"elementor-animation-float attachment-medium size-medium wp-image-605\" alt=\"\" decoding=\"async\" srcset=\"https:\/\/beekits.com.br\/atual\/wp-content\/uploads\/2021\/06\/Empresa-investe-R-40-milhoes-na-compra-da-maior-frota-de-caminhoes-a-gas-do-Brasil-300x188.jpg 300w, https:\/\/beekits.com.br\/atual\/wp-content\/uploads\/2021\/06\/Empresa-investe-R-40-milhoes-na-compra-da-maior-frota-de-caminhoes-a-gas-do-Brasil-768x480.jpg 768w, https:\/\/beekits.com.br\/atual\/wp-content\/uploads\/2021\/06\/Empresa-investe-R-40-milhoes-na-compra-da-maior-frota-de-caminhoes-a-gas-do-Brasil.jpg 800w\" sizes=\"(max-width: 300px) 100vw, 300px\" \/><\/div><\/a>\n\t\t\t\t<div class=\"elementor-post__text\">\n\t\t\t\t<h3 class=\"elementor-post__title\">\n\t\t\t<a href=\"https:\/\/beekits.com.br\/atual\/empresa-investe-r-40-milhoes-na-compra-da-maior-frota-de-caminhoes-a-gas-do-brasil\/\" >\n\t\t\t\tEmpresa investe R$ 40 milh\u00f5es na compra da maior frota de caminh\u00f5es a g\u00e1s do Brasil\t\t\t<\/a>\n\t\t<\/h3>\n\t\t\n\t\t<a class=\"elementor-post__read-more\" href=\"https:\/\/beekits.com.br\/atual\/empresa-investe-r-40-milhoes-na-compra-da-maior-frota-de-caminhoes-a-gas-do-brasil\/\" aria-label=\"Read more about Empresa investe R$ 40 milh\u00f5es na compra da maior frota de caminh\u00f5es a g\u00e1s do Brasil\" >\n\t\t\tSaiba Mais\t\t<\/a>\n\n\t\t\t\t<\/div>\n\t\t\t\t\t<\/div>\n\t\t<\/article>\n\t\t\t\t<article class=\"elementor-post elementor-grid-item post-600 post type-post status-publish format-standard has-post-thumbnail hentry category-noticias\">\n\t\t\t<div class=\"elementor-post__card\">\n\t\t\t\t<a class=\"elementor-post__thumbnail__link\" href=\"https:\/\/beekits.com.br\/atual\/brasil-e-argentina-conferem-prioridade-total-a-recuperacao-da-corrente-de-comercio-bilateral\/\" ><div class=\"elementor-post__thumbnail\"><img loading=\"lazy\" width=\"300\" height=\"188\" src=\"https:\/\/beekits.com.br\/atual\/wp-content\/uploads\/2021\/06\/Brasil-e-Argentina-conferem-prioridade-total-300x188.jpg\" class=\"elementor-animation-float attachment-medium size-medium wp-image-602\" alt=\"\" decoding=\"async\" srcset=\"https:\/\/beekits.com.br\/atual\/wp-content\/uploads\/2021\/06\/Brasil-e-Argentina-conferem-prioridade-total-300x188.jpg 300w, https:\/\/beekits.com.br\/atual\/wp-content\/uploads\/2021\/06\/Brasil-e-Argentina-conferem-prioridade-total-768x480.jpg 768w, https:\/\/beekits.com.br\/atual\/wp-content\/uploads\/2021\/06\/Brasil-e-Argentina-conferem-prioridade-total.jpg 800w\" sizes=\"(max-width: 300px) 100vw, 300px\" \/><\/div><\/a>\n\t\t\t\t<div class=\"elementor-post__text\">\n\t\t\t\t<h3 class=\"elementor-post__title\">\n\t\t\t<a href=\"https:\/\/beekits.com.br\/atual\/brasil-e-argentina-conferem-prioridade-total-a-recuperacao-da-corrente-de-comercio-bilateral\/\" >\n\t\t\t\tBrasil e Argentina conferem prioridade total \u00e0 recupera\u00e7\u00e3o da corrente de com\u00e9rcio bilateral\t\t\t<\/a>\n\t\t<\/h3>\n\t\t\n\t\t<a class=\"elementor-post__read-more\" href=\"https:\/\/beekits.com.br\/atual\/brasil-e-argentina-conferem-prioridade-total-a-recuperacao-da-corrente-de-comercio-bilateral\/\" aria-label=\"Read more about Brasil e Argentina conferem prioridade total \u00e0 recupera\u00e7\u00e3o da corrente de com\u00e9rcio bilateral\" >\n\t\t\tSaiba Mais\t\t<\/a>\n\n\t\t\t\t<\/div>\n\t\t\t\t\t<\/div>\n\t\t<\/article>\n\t\t\t\t<article class=\"elementor-post elementor-grid-item post-597 post type-post status-publish format-standard has-post-thumbnail hentry category-noticias\">\n\t\t\t<div class=\"elementor-post__card\">\n\t\t\t\t<a class=\"elementor-post__thumbnail__link\" href=\"https:\/\/beekits.com.br\/atual\/exportacao-e-importacao-seguem-em-forte-alta-e-superavit-comercial-chega-a-us-3176-bilhoes-no-ano\/\" ><div class=\"elementor-post__thumbnail\"><img loading=\"lazy\" width=\"300\" height=\"188\" src=\"https:\/\/beekits.com.br\/atual\/wp-content\/uploads\/2021\/06\/Exportacao-e-importacao-seguem-em-forte-alta-300x188.jpg\" class=\"elementor-animation-float attachment-medium size-medium wp-image-598\" alt=\"\" decoding=\"async\" srcset=\"https:\/\/beekits.com.br\/atual\/wp-content\/uploads\/2021\/06\/Exportacao-e-importacao-seguem-em-forte-alta-300x188.jpg 300w, https:\/\/beekits.com.br\/atual\/wp-content\/uploads\/2021\/06\/Exportacao-e-importacao-seguem-em-forte-alta-768x480.jpg 768w, https:\/\/beekits.com.br\/atual\/wp-content\/uploads\/2021\/06\/Exportacao-e-importacao-seguem-em-forte-alta.jpg 800w\" sizes=\"(max-width: 300px) 100vw, 300px\" \/><\/div><\/a>\n\t\t\t\t<div class=\"elementor-post__text\">\n\t\t\t\t<h3 class=\"elementor-post__title\">\n\t\t\t<a href=\"https:\/\/beekits.com.br\/atual\/exportacao-e-importacao-seguem-em-forte-alta-e-superavit-comercial-chega-a-us-3176-bilhoes-no-ano\/\" >\n\t\t\t\tExporta\u00e7\u00e3o e importa\u00e7\u00e3o seguem em forte alta e super\u00e1vit comercial chega a US$ 31,76 bilh\u00f5es no ano\t\t\t<\/a>\n\t\t<\/h3>\n\t\t\n\t\t<a class=\"elementor-post__read-more\" href=\"https:\/\/beekits.com.br\/atual\/exportacao-e-importacao-seguem-em-forte-alta-e-superavit-comercial-chega-a-us-3176-bilhoes-no-ano\/\" aria-label=\"Read more about Exporta\u00e7\u00e3o e importa\u00e7\u00e3o seguem em forte alta e super\u00e1vit comercial chega a US$ 31,76 bilh\u00f5es no ano\" >\n\t\t\tSaiba Mais\t\t<\/a>\n\n\t\t\t\t<\/div>\n\t\t\t\t\t<\/div>\n\t\t<\/article>\n\t\t\t\t<article class=\"elementor-post elementor-grid-item post-580 post type-post status-publish format-standard has-post-thumbnail hentry category-noticias\">\n\t\t\t<div class=\"elementor-post__card\">\n\t\t\t\t<a class=\"elementor-post__thumbnail__link\" href=\"https:\/\/beekits.com.br\/atual\/rastreabilidade-ajuda-a-turbinar-logistica-reversa\/\" ><div class=\"elementor-post__thumbnail\"><img loading=\"lazy\" width=\"300\" height=\"188\" src=\"https:\/\/beekits.com.br\/atual\/wp-content\/uploads\/2021\/06\/Rastreabilidade-ajuda-a-turbinar-logistica-reversa-1-300x188.jpg\" class=\"elementor-animation-float attachment-medium size-medium wp-image-586\" alt=\"\" decoding=\"async\" srcset=\"https:\/\/beekits.com.br\/atual\/wp-content\/uploads\/2021\/06\/Rastreabilidade-ajuda-a-turbinar-logistica-reversa-1-300x188.jpg 300w, https:\/\/beekits.com.br\/atual\/wp-content\/uploads\/2021\/06\/Rastreabilidade-ajuda-a-turbinar-logistica-reversa-1-768x480.jpg 768w, https:\/\/beekits.com.br\/atual\/wp-content\/uploads\/2021\/06\/Rastreabilidade-ajuda-a-turbinar-logistica-reversa-1.jpg 800w\" sizes=\"(max-width: 300px) 100vw, 300px\" \/><\/div><\/a>\n\t\t\t\t<div class=\"elementor-post__text\">\n\t\t\t\t<h3 class=\"elementor-post__title\">\n\t\t\t<a href=\"https:\/\/beekits.com.br\/atual\/rastreabilidade-ajuda-a-turbinar-logistica-reversa\/\" >\n\t\t\t\tRastreabilidade ajuda a turbinar log\u00edstica reversa\t\t\t<\/a>\n\t\t<\/h3>\n\t\t\n\t\t<a class=\"elementor-post__read-more\" href=\"https:\/\/beekits.com.br\/atual\/rastreabilidade-ajuda-a-turbinar-logistica-reversa\/\" aria-label=\"Read more about Rastreabilidade ajuda a turbinar log\u00edstica reversa\" >\n\t\t\tSaiba Mais\t\t<\/a>\n\n\t\t\t\t<\/div>\n\t\t\t\t\t<\/div>\n\t\t<\/article>\n\t\t\t\t<\/div>\n\t\t\n\t\t\t\t<\/div>\n\t\t\t\t<\/div>\n\t\t\t\t\t<\/div>\n\t\t<\/div>\n\t\t\t\t\t\t\t<\/div>\n\t\t<\/section>\n\t\t\t\t\t<\/div>\n\t\t<\/div>\n\t\t\t\t\t\t\t<\/div>\n\t\t<\/section>\n\t\t\t\t\t\t\t<\/div>\n\t\t","protected":false},"excerpt":{"rendered":"","protected":false},"author":1,"featured_media":0,"parent":0,"menu_order":0,"comment_status":"closed","ping_status":"closed","template":"","meta":{"footnotes":""},"acf":[],"_links":{"self":[{"href":"https:\/\/beekits.com.br\/atual\/wp-json\/wp\/v2\/pages\/23"}],"collection":[{"href":"https:\/\/beekits.com.br\/atual\/wp-json\/wp\/v2\/pages"}],"about":[{"href":"https:\/\/beekits.com.br\/atual\/wp-json\/wp\/v2\/types\/page"}],"author":[{"embeddable":true,"href":"https:\/\/beekits.com.br\/atual\/wp-json\/wp\/v2\/users\/1"}],"replies":[{"embeddable":true,"href":"https:\/\/beekits.com.br\/atual\/wp-json\/wp\/v2\/comments?post=23"}],"version-history":[{"count":85,"href":"https:\/\/beekits.com.br\/atual\/wp-json\/wp\/v2\/pages\/23\/revisions"}],"predecessor-version":[{"id":1639,"href":"https:\/\/beekits.com.br\/atual\/wp-json\/wp\/v2\/pages\/23\/revisions\/1639"}],"wp:attachment":[{"href":"https:\/\/beekits.com.br\/atual\/wp-json\/wp\/v2\/media?parent=23"}],"curies":[{"name":"wp","href":"https:\/\/api.w.org\/{rel}","templated":true}]}}